{"id":104,"date":"2017-10-16T12:02:53","date_gmt":"2017-10-16T10:02:53","guid":{"rendered":"http:\/\/www.neuvysurleschemins.fr\/?page_id=104"},"modified":"2021-02-17T10:12:53","modified_gmt":"2021-02-17T09:12:53","slug":"a-propos","status":"publish","type":"page","link":"https:\/\/www.neuvysurleschemins.fr\/index.php\/a-propos\/","title":{"rendered":"A propos"},"content":{"rendered":"\t\t<div data-elementor-type=\"wp-post\" data-elementor-id=\"104\" class=\"elementor elementor-104 elementor-bc-flex-widget\">\n\t\t\t\t\t\t<section class=\"elementor-section elementor-top-section elementor-element elementor-element-ymowz77 elementor-section-boxed elementor-section-height-default elementor-section-height-default\" data-id=\"ymowz77\" data-element_type=\"section\">\n\t\t\t\t\t\t<div class=\"elementor-container elementor-column-gap-default\">\n\t\t\t\t\t<div class=\"elementor-column elementor-col-50 elementor-top-column elementor-element elementor-element-5zyyucf\" data-id=\"5zyyucf\" data-element_type=\"column\">\n\t\t\t<div class=\"elementor-widget-wrap elementor-element-populated\">\n\t\t\t\t\t\t<div class=\"elementor-element elementor-element-yhm1f7t elementor-widget elementor-widget-image\" data-id=\"yhm1f7t\" data-element_type=\"widget\" data-widget_type=\"image.default\">\n\t\t\t\t<div class=\"elementor-widget-container\">\n\t\t\t\t\t\t\t\t\t\t\t\t\t\t\t<img decoding=\"async\" data-attachment-id=\"9\" data-permalink=\"https:\/\/www.neuvysurleschemins.fr\/fotoprinc\/\" data-orig-file=\"https:\/\/i0.wp.com\/www.neuvysurleschemins.fr\/wp-content\/uploads\/2017\/10\/fotoprinc.jpg?fit=1200%2C600&amp;ssl=1\" data-orig-size=\"1200,600\" data-comments-opened=\"1\" data-image-meta=\"{&quot;aperture&quot;:&quot;0&quot;,&quot;credit&quot;:&quot;&quot;,&quot;camera&quot;:&quot;&quot;,&quot;caption&quot;:&quot;&quot;,&quot;created_timestamp&quot;:&quot;0&quot;,&quot;copyright&quot;:&quot;&quot;,&quot;focal_length&quot;:&quot;0&quot;,&quot;iso&quot;:&quot;0&quot;,&quot;shutter_speed&quot;:&quot;0&quot;,&quot;title&quot;:&quot;&quot;,&quot;orientation&quot;:&quot;0&quot;}\" data-image-title=\"fotoprinc\" data-image-description=\"\" data-image-caption=\"\" data-medium-file=\"https:\/\/i0.wp.com\/www.neuvysurleschemins.fr\/wp-content\/uploads\/2017\/10\/fotoprinc.jpg?fit=300%2C150&amp;ssl=1\" data-large-file=\"https:\/\/i0.wp.com\/www.neuvysurleschemins.fr\/wp-content\/uploads\/2017\/10\/fotoprinc.jpg?fit=1024%2C512&amp;ssl=1\" tabindex=\"0\" role=\"button\" width=\"150\" height=\"150\" src=\"https:\/\/i0.wp.com\/www.neuvysurleschemins.fr\/wp-content\/uploads\/2017\/10\/fotoprinc.jpg?resize=150%2C150&amp;ssl=1\" class=\"attachment-thumbnail size-thumbnail wp-image-9\" alt=\"\" srcset=\"https:\/\/i0.wp.com\/www.neuvysurleschemins.fr\/wp-content\/uploads\/2017\/10\/fotoprinc.jpg?resize=150%2C150&amp;ssl=1 150w, https:\/\/i0.wp.com\/www.neuvysurleschemins.fr\/wp-content\/uploads\/2017\/10\/fotoprinc.jpg?resize=533%2C533&amp;ssl=1 533w, https:\/\/i0.wp.com\/www.neuvysurleschemins.fr\/wp-content\/uploads\/2017\/10\/fotoprinc.jpg?resize=50%2C50&amp;ssl=1 50w, https:\/\/i0.wp.com\/www.neuvysurleschemins.fr\/wp-content\/uploads\/2017\/10\/fotoprinc.jpg?zoom=2&amp;resize=150%2C150 300w, https:\/\/i0.wp.com\/www.neuvysurleschemins.fr\/wp-content\/uploads\/2017\/10\/fotoprinc.jpg?zoom=3&amp;resize=150%2C150 450w\" sizes=\"(max-width: 150px) 100vw, 150px\" data-attachment-id=\"9\" data-permalink=\"https:\/\/www.neuvysurleschemins.fr\/fotoprinc\/\" data-orig-file=\"https:\/\/i0.wp.com\/www.neuvysurleschemins.fr\/wp-content\/uploads\/2017\/10\/fotoprinc.jpg?fit=1200%2C600&amp;ssl=1\" data-orig-size=\"1200,600\" data-comments-opened=\"1\" data-image-meta=\"{&quot;aperture&quot;:&quot;0&quot;,&quot;credit&quot;:&quot;&quot;,&quot;camera&quot;:&quot;&quot;,&quot;caption&quot;:&quot;&quot;,&quot;created_timestamp&quot;:&quot;0&quot;,&quot;copyright&quot;:&quot;&quot;,&quot;focal_length&quot;:&quot;0&quot;,&quot;iso&quot;:&quot;0&quot;,&quot;shutter_speed&quot;:&quot;0&quot;,&quot;title&quot;:&quot;&quot;,&quot;orientation&quot;:&quot;0&quot;}\" data-image-title=\"fotoprinc\" data-image-description=\"\" data-image-caption=\"\" data-medium-file=\"https:\/\/i0.wp.com\/www.neuvysurleschemins.fr\/wp-content\/uploads\/2017\/10\/fotoprinc.jpg?fit=300%2C150&amp;ssl=1\" data-large-file=\"https:\/\/i0.wp.com\/www.neuvysurleschemins.fr\/wp-content\/uploads\/2017\/10\/fotoprinc.jpg?fit=1024%2C512&amp;ssl=1\" role=\"button\" \/>\t\t\t\t\t\t\t\t\t\t\t\t\t\t\t<\/div>\n\t\t\t\t<\/div>\n\t\t\t\t\t<\/div>\n\t\t<\/div>\n\t\t\t\t<div class=\"elementor-column elementor-col-50 elementor-top-column elementor-element elementor-element-v5jdelo\" data-id=\"v5jdelo\" data-element_type=\"column\">\n\t\t\t<div class=\"elementor-widget-wrap elementor-element-populated\">\n\t\t\t\t\t\t<div class=\"elementor-element elementor-element-riy4apo elementor-widget elementor-widget-text-editor\" data-id=\"riy4apo\" data-element_type=\"widget\" data-widget_type=\"text-editor.default\">\n\t\t\t\t<div class=\"elementor-widget-container\">\n\t\t\t\t\t\t\t\t\t<p>Cr\u00e9\u00e9 en juillet 2017, notre collectif r\u00e9unit plusieurs associations autour du m\u00eame d\u00e9sir de partager les valeurs du patrimoine et du p\u00e8lerinage.<\/p>\t\t\t\t\t\t\t\t<\/div>\n\t\t\t\t<\/div>\n\t\t\t\t\t<\/div>\n\t\t<\/div>\n\t\t\t\t\t<\/div>\n\t\t<\/section>\n\t\t\t\t<section class=\"elementor-section elementor-top-section elementor-element elementor-element-ppkxizx elementor-section-boxed elementor-section-height-default elementor-section-height-default\" data-id=\"ppkxizx\" data-element_type=\"section\">\n\t\t\t\t\t\t<div class=\"elementor-container elementor-column-gap-default\">\n\t\t\t\t\t<div class=\"elementor-column elementor-col-33 elementor-top-column elementor-element elementor-element-9ms9wzu\" data-id=\"9ms9wzu\" data-element_type=\"column\">\n\t\t\t<div class=\"elementor-widget-wrap elementor-element-populated\">\n\t\t\t\t\t\t<div class=\"elementor-element elementor-element-65yt0wg elementor-widget elementor-widget-image\" data-id=\"65yt0wg\" data-element_type=\"widget\" data-widget_type=\"image.default\">\n\t\t\t\t<div class=\"elementor-widget-container\">\n\t\t\t\t\t\t\t\t\t\t\t\t\t\t\t<img decoding=\"async\" data-attachment-id=\"139\" data-permalink=\"https:\/\/www.neuvysurleschemins.fr\/meeting\/\" data-orig-file=\"https:\/\/i0.wp.com\/www.neuvysurleschemins.fr\/wp-content\/uploads\/2017\/10\/meeting.png?fit=511%2C511&amp;ssl=1\" data-orig-size=\"511,511\" data-comments-opened=\"1\" data-image-meta=\"{&quot;aperture&quot;:&quot;0&quot;,&quot;credit&quot;:&quot;&quot;,&quot;camera&quot;:&quot;&quot;,&quot;caption&quot;:&quot;&quot;,&quot;created_timestamp&quot;:&quot;0&quot;,&quot;copyright&quot;:&quot;&quot;,&quot;focal_length&quot;:&quot;0&quot;,&quot;iso&quot;:&quot;0&quot;,&quot;shutter_speed&quot;:&quot;0&quot;,&quot;title&quot;:&quot;&quot;,&quot;orientation&quot;:&quot;0&quot;}\" data-image-title=\"meeting\" data-image-description=\"\" data-image-caption=\"\" data-medium-file=\"https:\/\/i0.wp.com\/www.neuvysurleschemins.fr\/wp-content\/uploads\/2017\/10\/meeting.png?fit=300%2C300&amp;ssl=1\" data-large-file=\"https:\/\/i0.wp.com\/www.neuvysurleschemins.fr\/wp-content\/uploads\/2017\/10\/meeting.png?fit=511%2C511&amp;ssl=1\" tabindex=\"0\" role=\"button\" width=\"150\" height=\"150\" src=\"https:\/\/i0.wp.com\/www.neuvysurleschemins.fr\/wp-content\/uploads\/2017\/10\/meeting.png?resize=150%2C150&amp;ssl=1\" class=\"attachment-thumbnail size-thumbnail wp-image-139\" alt=\"\" srcset=\"https:\/\/i0.wp.com\/www.neuvysurleschemins.fr\/wp-content\/uploads\/2017\/10\/meeting.png?w=511&amp;ssl=1 511w, https:\/\/i0.wp.com\/www.neuvysurleschemins.fr\/wp-content\/uploads\/2017\/10\/meeting.png?resize=150%2C150&amp;ssl=1 150w, https:\/\/i0.wp.com\/www.neuvysurleschemins.fr\/wp-content\/uploads\/2017\/10\/meeting.png?resize=300%2C300&amp;ssl=1 300w\" sizes=\"(max-width: 150px) 100vw, 150px\" data-attachment-id=\"139\" data-permalink=\"https:\/\/www.neuvysurleschemins.fr\/meeting\/\" data-orig-file=\"https:\/\/i0.wp.com\/www.neuvysurleschemins.fr\/wp-content\/uploads\/2017\/10\/meeting.png?fit=511%2C511&amp;ssl=1\" data-orig-size=\"511,511\" data-comments-opened=\"1\" data-image-meta=\"{&quot;aperture&quot;:&quot;0&quot;,&quot;credit&quot;:&quot;&quot;,&quot;camera&quot;:&quot;&quot;,&quot;caption&quot;:&quot;&quot;,&quot;created_timestamp&quot;:&quot;0&quot;,&quot;copyright&quot;:&quot;&quot;,&quot;focal_length&quot;:&quot;0&quot;,&quot;iso&quot;:&quot;0&quot;,&quot;shutter_speed&quot;:&quot;0&quot;,&quot;title&quot;:&quot;&quot;,&quot;orientation&quot;:&quot;0&quot;}\" data-image-title=\"meeting\" data-image-description=\"\" data-image-caption=\"\" data-medium-file=\"https:\/\/i0.wp.com\/www.neuvysurleschemins.fr\/wp-content\/uploads\/2017\/10\/meeting.png?fit=300%2C300&amp;ssl=1\" data-large-file=\"https:\/\/i0.wp.com\/www.neuvysurleschemins.fr\/wp-content\/uploads\/2017\/10\/meeting.png?fit=511%2C511&amp;ssl=1\" role=\"button\" \/>\t\t\t\t\t\t\t\t\t\t\t\t\t\t\t<\/div>\n\t\t\t\t<\/div>\n\t\t\t\t\t<\/div>\n\t\t<\/div>\n\t\t\t\t<div class=\"elementor-column elementor-col-66 elementor-top-column elementor-element elementor-element-tt1gq8z\" data-id=\"tt1gq8z\" data-element_type=\"column\">\n\t\t\t<div class=\"elementor-widget-wrap elementor-element-populated\">\n\t\t\t\t\t\t<div class=\"elementor-element elementor-element-6s6f5z5 elementor-widget elementor-widget-text-editor\" data-id=\"6s6f5z5\" data-element_type=\"widget\" data-widget_type=\"text-editor.default\">\n\t\t\t\t<div class=\"elementor-widget-container\">\n\t\t\t\t\t\t\t\t\t<h4>Le bureau<\/h4><div class=\"page\" title=\"Page 3\"><div class=\"layoutArea\"><div class=\"column\"><p>Pr\u00e9sidente : Johanna Camp<br \/>Secr\u00e9taire : Magalie Michaud\u00a0<br \/>Tr\u00e9sori\u00e8re :\u00a0Christine BAZIN-CHAUVAT<\/p><p>Membres du Conseil d&rsquo;Administration : Annick Dussault, G\u00e9rard Guillaume, Marie-Brigitte Desguillot<\/p><\/div><\/div><\/div>\t\t\t\t\t\t\t\t<\/div>\n\t\t\t\t<\/div>\n\t\t\t\t\t<\/div>\n\t\t<\/div>\n\t\t\t\t\t<\/div>\n\t\t<\/section>\n\t\t\t\t<section class=\"elementor-section elementor-top-section elementor-element elementor-element-f6hzdlx elementor-section-boxed elementor-section-height-default elementor-section-height-default\" data-id=\"f6hzdlx\" data-element_type=\"section\">\n\t\t\t\t\t\t<div class=\"elementor-container elementor-column-gap-default\">\n\t\t\t\t\t<div class=\"elementor-column elementor-col-33 elementor-top-column elementor-element elementor-element-xsc4c5l\" data-id=\"xsc4c5l\" data-element_type=\"column\">\n\t\t\t<div class=\"elementor-widget-wrap elementor-element-populated\">\n\t\t\t\t\t\t<div class=\"elementor-element elementor-element-m8oiup6 elementor-widget elementor-widget-image\" data-id=\"m8oiup6\" data-element_type=\"widget\" data-widget_type=\"image.default\">\n\t\t\t\t<div class=\"elementor-widget-container\">\n\t\t\t\t\t\t\t\t\t\t\t\t\t\t\t<img decoding=\"async\" data-attachment-id=\"141\" data-permalink=\"https:\/\/www.neuvysurleschemins.fr\/shaking-hands\/\" data-orig-file=\"https:\/\/i0.wp.com\/www.neuvysurleschemins.fr\/wp-content\/uploads\/2017\/10\/shaking-hands.png?fit=550%2C550&amp;ssl=1\" data-orig-size=\"550,550\" data-comments-opened=\"1\" data-image-meta=\"{&quot;aperture&quot;:&quot;0&quot;,&quot;credit&quot;:&quot;&quot;,&quot;camera&quot;:&quot;&quot;,&quot;caption&quot;:&quot;&quot;,&quot;created_timestamp&quot;:&quot;0&quot;,&quot;copyright&quot;:&quot;&quot;,&quot;focal_length&quot;:&quot;0&quot;,&quot;iso&quot;:&quot;0&quot;,&quot;shutter_speed&quot;:&quot;0&quot;,&quot;title&quot;:&quot;&quot;,&quot;orientation&quot;:&quot;0&quot;}\" data-image-title=\"shaking-hands\" data-image-description=\"\" data-image-caption=\"\" data-medium-file=\"https:\/\/i0.wp.com\/www.neuvysurleschemins.fr\/wp-content\/uploads\/2017\/10\/shaking-hands.png?fit=300%2C300&amp;ssl=1\" data-large-file=\"https:\/\/i0.wp.com\/www.neuvysurleschemins.fr\/wp-content\/uploads\/2017\/10\/shaking-hands.png?fit=550%2C550&amp;ssl=1\" tabindex=\"0\" role=\"button\" width=\"150\" height=\"150\" src=\"https:\/\/i0.wp.com\/www.neuvysurleschemins.fr\/wp-content\/uploads\/2017\/10\/shaking-hands.png?resize=150%2C150&amp;ssl=1\" class=\"attachment-thumbnail size-thumbnail wp-image-141\" alt=\"\" srcset=\"https:\/\/i0.wp.com\/www.neuvysurleschemins.fr\/wp-content\/uploads\/2017\/10\/shaking-hands.png?w=550&amp;ssl=1 550w, https:\/\/i0.wp.com\/www.neuvysurleschemins.fr\/wp-content\/uploads\/2017\/10\/shaking-hands.png?resize=150%2C150&amp;ssl=1 150w, https:\/\/i0.wp.com\/www.neuvysurleschemins.fr\/wp-content\/uploads\/2017\/10\/shaking-hands.png?resize=300%2C300&amp;ssl=1 300w\" sizes=\"(max-width: 150px) 100vw, 150px\" data-attachment-id=\"141\" data-permalink=\"https:\/\/www.neuvysurleschemins.fr\/shaking-hands\/\" data-orig-file=\"https:\/\/i0.wp.com\/www.neuvysurleschemins.fr\/wp-content\/uploads\/2017\/10\/shaking-hands.png?fit=550%2C550&amp;ssl=1\" data-orig-size=\"550,550\" data-comments-opened=\"1\" data-image-meta=\"{&quot;aperture&quot;:&quot;0&quot;,&quot;credit&quot;:&quot;&quot;,&quot;camera&quot;:&quot;&quot;,&quot;caption&quot;:&quot;&quot;,&quot;created_timestamp&quot;:&quot;0&quot;,&quot;copyright&quot;:&quot;&quot;,&quot;focal_length&quot;:&quot;0&quot;,&quot;iso&quot;:&quot;0&quot;,&quot;shutter_speed&quot;:&quot;0&quot;,&quot;title&quot;:&quot;&quot;,&quot;orientation&quot;:&quot;0&quot;}\" data-image-title=\"shaking-hands\" data-image-description=\"\" data-image-caption=\"\" data-medium-file=\"https:\/\/i0.wp.com\/www.neuvysurleschemins.fr\/wp-content\/uploads\/2017\/10\/shaking-hands.png?fit=300%2C300&amp;ssl=1\" data-large-file=\"https:\/\/i0.wp.com\/www.neuvysurleschemins.fr\/wp-content\/uploads\/2017\/10\/shaking-hands.png?fit=550%2C550&amp;ssl=1\" role=\"button\" \/>\t\t\t\t\t\t\t\t\t\t\t\t\t\t\t<\/div>\n\t\t\t\t<\/div>\n\t\t\t\t\t<\/div>\n\t\t<\/div>\n\t\t\t\t<div class=\"elementor-column elementor-col-66 elementor-top-column elementor-element elementor-element-1amw2i6\" data-id=\"1amw2i6\" data-element_type=\"column\">\n\t\t\t<div class=\"elementor-widget-wrap elementor-element-populated\">\n\t\t\t\t\t\t<div class=\"elementor-element elementor-element-e344wom elementor-widget elementor-widget-text-editor\" data-id=\"e344wom\" data-element_type=\"widget\" data-widget_type=\"text-editor.default\">\n\t\t\t\t<div class=\"elementor-widget-container\">\n\t\t\t\t\t\t\t\t\t<h4>Les associations partenaires<\/h4><p>Amis de la Basilique<\/p><p>Agence des Chemins de Compostelle<\/p><p>Club UNESCO du Coll\u00e8ge Vincent Rotinat<\/p>\t\t\t\t\t\t\t\t<\/div>\n\t\t\t\t<\/div>\n\t\t\t\t\t<\/div>\n\t\t<\/div>\n\t\t\t\t\t<\/div>\n\t\t<\/section>\n\t\t\t\t<section class=\"elementor-section elementor-top-section elementor-element elementor-element-nsmqbls elementor-section-boxed elementor-section-height-default elementor-section-height-default\" data-id=\"nsmqbls\" data-element_type=\"section\">\n\t\t\t\t\t\t<div class=\"elementor-container elementor-column-gap-default\">\n\t\t\t\t\t<div class=\"elementor-column elementor-col-33 elementor-top-column elementor-element elementor-element-yh5xbzp\" data-id=\"yh5xbzp\" data-element_type=\"column\">\n\t\t\t<div class=\"elementor-widget-wrap elementor-element-populated\">\n\t\t\t\t\t\t<div class=\"elementor-element elementor-element-vz21qrl elementor-view-default elementor-widget elementor-widget-icon\" data-id=\"vz21qrl\" data-element_type=\"widget\" data-widget_type=\"icon.default\">\n\t\t\t\t<div class=\"elementor-widget-container\">\n\t\t\t\t\t\t\t<div class=\"elementor-icon-wrapper\">\n\t\t\t<div class=\"elementor-icon\">\n\t\t\t\t\t\t\t<i class=\"fa fa-address-card\" aria-hidden=\"true\"><\/i>\n\t\t\t\t\t\t<\/div>\n\t\t<\/div>\n\t\t\t\t\t\t<\/div>\n\t\t\t\t<\/div>\n\t\t\t\t\t<\/div>\n\t\t<\/div>\n\t\t\t\t<div class=\"elementor-column elementor-col-66 elementor-top-column elementor-element elementor-element-gyjovdj\" data-id=\"gyjovdj\" data-element_type=\"column\">\n\t\t\t<div class=\"elementor-widget-wrap elementor-element-populated\">\n\t\t\t\t\t\t<div class=\"elementor-element elementor-element-1zptrvu elementor-widget elementor-widget-text-editor\" data-id=\"1zptrvu\" data-element_type=\"widget\" data-widget_type=\"text-editor.default\">\n\t\t\t\t<div class=\"elementor-widget-container\">\n\t\t\t\t\t\t\t\t\t<p><a href=\"http:\/\/www.neuvysurleschemins.fr\/index.php\/contact\/\" target=\"_blank\" rel=\"noopener\">Contactez-nous<\/a> pour plus d&rsquo;informations<\/p>\t\t\t\t\t\t\t\t<\/div>\n\t\t\t\t<\/div>\n\t\t\t\t\t<\/div>\n\t\t<\/div>\n\t\t\t\t\t<\/div>\n\t\t<\/section>\n\t\t\t\t<\/div>\n\t\t","protected":false},"excerpt":{"rendered":"<p>Cr\u00e9\u00e9 en juillet 2017, notre collectif r\u00e9unit plusieurs associations autour du m\u00eame d\u00e9sir de partager les valeurs du patrimoine et du p\u00e8lerinage. Le bureau Pr\u00e9sidente : Johanna CampSecr\u00e9taire : Magalie Michaud\u00a0Tr\u00e9sori\u00e8re :\u00a0Christine BAZIN-CHAUVAT Membres du Conseil d&rsquo;Administration : Annick Dussault, G\u00e9rard Guillaume, Marie-Brigitte Desguillot Les associations partenaires Amis de la Basilique Agence des Chemins de [&hellip;]<\/p>\n","protected":false},"author":1,"featured_media":0,"parent":0,"menu_order":0,"comment_status":"closed","ping_status":"closed","template":"","meta":{"jetpack_post_was_ever_published":false,"footnotes":""},"jetpack_sharing_enabled":true,"jetpack_shortlink":"https:\/\/wp.me\/P9e7pe-1G","jetpack_likes_enabled":true,"jetpack-related-posts":[],"_links":{"self":[{"href":"https:\/\/www.neuvysurleschemins.fr\/index.php\/wp-json\/wp\/v2\/pages\/104"}],"collection":[{"href":"https:\/\/www.neuvysurleschemins.fr\/index.php\/wp-json\/wp\/v2\/pages"}],"about":[{"href":"https:\/\/www.neuvysurleschemins.fr\/index.php\/wp-json\/wp\/v2\/types\/page"}],"author":[{"embeddable":true,"href":"https:\/\/www.neuvysurleschemins.fr\/index.php\/wp-json\/wp\/v2\/users\/1"}],"replies":[{"embeddable":true,"href":"https:\/\/www.neuvysurleschemins.fr\/index.php\/wp-json\/wp\/v2\/comments?post=104"}],"version-history":[{"count":0,"href":"https:\/\/www.neuvysurleschemins.fr\/index.php\/wp-json\/wp\/v2\/pages\/104\/revisions"}],"wp:attachment":[{"href":"https:\/\/www.neuvysurleschemins.fr\/index.php\/wp-json\/wp\/v2\/media?parent=104"}],"curies":[{"name":"wp","href":"https:\/\/api.w.org\/{rel}","templated":true}]}}